{"id":518,"date":"2023-01-04T12:14:10","date_gmt":"2023-01-04T15:14:10","guid":{"rendered":"\/wordpress-doc\/?page_id=518"},"modified":"2023-04-12T17:48:39","modified_gmt":"2023-04-12T20:48:39","slug":"biologia-y-medicina","status":"publish","type":"page","link":"\/wordpress-doc\/biologia-y-medicina\/","title":{"rendered":"BIOLOG\u00cdA Y MEDICINA"},"content":{"rendered":"\n<div class=\"inherit-container-width is-layout-constrained wp-block-group alignfull advgb-dyn-a2e3b662\" style=\"padding-top:var(--wp--preset--spacing--20);padding-right:var(--wp--preset--spacing--20);padding-bottom:var(--wp--preset--spacing--20);padding-left:var(--wp--preset--spacing--20)\">\n<div class=\"is-layout-flex wp-container-2 wp-block-columns alignfull\" style=\"padding-top:var(--wp--preset--spacing--20);padding-right:var(--wp--preset--spacing--20);padding-bottom:var(--wp--preset--spacing--20);padding-left:var(--wp--preset--spacing--20)\">\n<div class=\"is-layout-flow wp-block-column is-vertically-aligned-center\">\n<div class=\"wp-block-cover aligncenter\" style=\"min-height:643px\"><span aria-hidden=\"true\" class=\"wp-block-cover__background has-background-dim-20 has-background-dim\"><\/span><img decoding=\"async\" loading=\"lazy\" width=\"1900\" height=\"696\" class=\"wp-block-cover__image-background wp-image-699\" alt=\"\" src=\"\/wordpress-doc\/wp-content\/uploads\/2023\/03\/cabecera_estudiantes.jpg\" data-object-fit=\"cover\" srcset=\"\/wordpress-doc\/wp-content\/uploads\/2023\/03\/cabecera_estudiantes.jpg 1900w, \/wordpress-doc\/wp-content\/uploads\/2023\/03\/cabecera_estudiantes-300x110.jpg 300w, \/wordpress-doc\/wp-content\/uploads\/2023\/03\/cabecera_estudiantes-1024x375.jpg 1024w, \/wordpress-doc\/wp-content\/uploads\/2023\/03\/cabecera_estudiantes-768x281.jpg 768w, \/wordpress-doc\/wp-content\/uploads\/2023\/03\/cabecera_estudiantes-1536x563.jpg 1536w\" sizes=\"(max-width: 1900px) 100vw, 1900px\" \/><div class=\"wp-block-cover__inner-container\">\n<h2 class=\"has-text-align-center has-background has-large-font-size\" style=\"background-color:#ea7800;font-style:normal;font-weight:500\">BIOLOG\u00cdA Y MEDICINA<\/h2>\n<\/div><\/div>\n<\/div>\n<\/div>\n<\/div>\n\n\n\n<div class=\"inherit-container-width is-layout-constrained wp-block-group alignfull advgb-dyn-821f2c85\">\n<div class=\"is-layout-flex wp-container-5 wp-block-columns alignfull\">\n<div class=\"is-layout-flow wp-block-column\">\n<h2 class=\"has-text-align-left has-large-font-size\" style=\"font-style:normal;font-weight:300;text-transform:none\"><mark style=\"background-color:rgba(0, 0, 0, 0)\" class=\"has-inline-color has-ast-global-color-8-color\">\u2022 T\u00e9cnicas algor\u00edtmicas para Bioinform\u00e1tica y Bioinform\u00e1tica<br>Estructural.<br>\u2022 Modelamiento de sistemas fisiol\u00f3gico usando aprendizaje<br>autom\u00e1tico.<br>\u2022 Data mining para an\u00e1lisis de sistemas de salud.<br>\u2022 An\u00e1lisis de im\u00e1genes m\u00e9dicas mediante reconocimiento de<br>patrones.<\/mark><\/h2>\n<\/div>\n<\/div>\n\n\n\n<hr class=\"wp-block-separator has-alpha-channel-opacity is-style-wide\"\/>\n\n\n\n<h2 class=\"has-large-font-size\" style=\"font-style:normal;font-weight:700\"><mark style=\"background-color:rgba(0, 0, 0, 0)\" class=\"has-inline-color has-ast-global-color-8-color\">GRUPOS DE INVESTIGACI\u00d3N <\/mark><\/h2>\n\n\n\n<div class=\"is-layout-flex wp-container-9 wp-block-columns\">\n<div class=\"is-layout-flow wp-block-column\">\n<figure class=\"wp-block-image\"><img alt=\"\"\/><\/figure>\n\n\n\n<h2>Laboratorio de inteligencia artificial aplicado a Bioinform\u00e1tica<\/h2>\n<\/div>\n\n\n\n<div class=\"is-layout-flow wp-block-column\">\n<figure class=\"wp-block-image\"><img alt=\"\"\/><\/figure>\n\n\n\n<h2>Laboratorio de inform\u00e1tica Biom\u00e9dica<\/h2>\n<\/div>\n\n\n\n<div class=\"is-layout-flow wp-block-column\">\n<figure class=\"wp-block-image\"><img alt=\"\"\/><\/figure>\n\n\n\n<h2>Laboratorio de inform\u00e1tica Biom\u00e9dica<\/h2>\n<\/div>\n<\/div>\n\n\n\n<hr class=\"wp-block-separator has-alpha-channel-opacity is-style-wide\"\/>\n\n\n\n<h2 class=\"has-large-font-size\" style=\"font-style:normal;font-weight:700\"><mark style=\"background-color:rgba(0, 0, 0, 0)\" class=\"has-inline-color has-ast-global-color-8-color\">PROFESORES<\/mark><\/h2>\n<\/div>\n\n\n\n<div class=\"is-layout-flex wp-container-12 wp-block-columns alignfull\">\n<div class=\"is-layout-flow wp-block-column\"><ul class=\"wp-block-latest-posts__list wp-block-latest-posts\"><li><a class=\"wp-block-latest-posts__post-title\" href=\"\/wordpress-doc\/graduados-8\/\">Graduados<\/a><\/li>\n<li><a class=\"wp-block-latest-posts__post-title\" href=\"\/wordpress-doc\/graduados-7\/\">Graduados<\/a><\/li>\n<li><a class=\"wp-block-latest-posts__post-title\" href=\"\/wordpress-doc\/graduados-6\/\">Graduados<\/a><\/li>\n<li><a class=\"wp-block-latest-posts__post-title\" href=\"\/wordpress-doc\/graduados-5\/\">Graduados<\/a><\/li>\n<li><a class=\"wp-block-latest-posts__post-title\" href=\"\/wordpress-doc\/graduados-4\/\">Graduados<\/a><\/li>\n<\/ul><\/div>\n<\/div>\n\n\n\n<div class=\"is-layout-flex wp-container-14 wp-block-columns alignfull\">\n<div class=\"is-layout-flow wp-block-column\">\n<hr class=\"wp-block-separator has-alpha-channel-opacity is-style-wide\"\/>\n\n\n\n<h2 class=\"has-medium-font-size\" style=\"font-style:normal;font-weight:400\"><mark style=\"background-color:rgba(0, 0, 0, 0)\" class=\"has-inline-color has-ast-global-color-8-color\"><strong>TESIS EN CURSO<\/strong><br><strong>T\u00edtulo:<\/strong> Titulo de la Tesis<br><strong>Tesista: <\/strong>Nombre<br><strong>Profesor Gu\u00eda <\/strong>: Nombre<br><strong>Co-gu\u00eda:<\/strong> Nombre (Este rengl\u00f3n en caso de estar vac\u00edo se oculta)<br><strong>Nivel de Estado:<\/strong><br><strong>Publicaciones:<\/strong><br><strong>Proyectos:<\/strong><\/mark><\/h2>\n<\/div>\n<\/div>\n","protected":false},"excerpt":{"rendered":"<p>\u2022 T\u00e9cnicas algor\u00edtmicas para Bioinform\u00e1tica y Bioinform\u00e1ticaEstructural.\u2022 Modelamiento de sistemas fisiol\u00f3gico usando aprendizajeautom\u00e1tico.\u2022 Data mining para an\u00e1lisis de sistemas de salud.\u2022 An\u00e1lisis de im\u00e1genes m\u00e9dicas mediante reconocimiento depatrones. GRUPOS DE INVESTIGACI\u00d3N Laboratorio de inteligencia artificial aplicado a Bioinform\u00e1tica Laboratorio de inform\u00e1tica Biom\u00e9dica Laboratorio de inform\u00e1tica Biom\u00e9dica PROFESORES TESIS EN CURSOT\u00edtulo: Titulo de la TesisTesista: NombreProfesor &hellip;<\/p>\n<p class=\"read-more\"> <a class=\"\" href=\"\/wordpress-doc\/biologia-y-medicina\/\"> <span class=\"screen-reader-text\">BIOLOG\u00cdA Y MEDICINA<\/span> Read More &raquo;<\/a><\/p>\n","protected":false},"author":1,"featured_media":0,"parent":0,"menu_order":0,"comment_status":"closed","ping_status":"closed","template":"elementor_theme","meta":{"_uag_custom_page_level_css":"","advgb_blocks_editor_width":"","advgb_blocks_columns_visual_guide":"","site-sidebar-layout":"no-sidebar","site-content-layout":"page-builder","ast-global-header-display":"","ast-main-header-display":"","ast-hfb-above-header-display":"","ast-hfb-below-header-display":"","ast-hfb-mobile-header-display":"","site-post-title":"disabled","ast-breadcrumbs-content":"","ast-featured-img":"disabled","footer-sml-layout":"","theme-transparent-header-meta":"","adv-header-id-meta":"","stick-header-meta":"","header-above-stick-meta":"","header-main-stick-meta":"","header-below-stick-meta":""},"uagb_featured_image_src":{"full":false,"thumbnail":false,"medium":false,"medium_large":false,"large":false,"1536x1536":false,"2048x2048":false},"uagb_author_info":{"display_name":"diinfdoc","author_link":"\/wordpress-doc\/author\/diinfdoc\/"},"uagb_comment_info":0,"uagb_excerpt":"\u2022 T\u00e9cnicas algor\u00edtmicas para Bioinform\u00e1tica y Bioinform\u00e1ticaEstructural.\u2022 Modelamiento de sistemas fisiol\u00f3gico usando aprendizajeautom\u00e1tico.\u2022 Data mining para an\u00e1lisis de sistemas de salud.\u2022 An\u00e1lisis de im\u00e1genes m\u00e9dicas mediante reconocimiento depatrones. GRUPOS DE INVESTIGACI\u00d3N Laboratorio de inteligencia artificial aplicado a Bioinform\u00e1tica Laboratorio de inform\u00e1tica Biom\u00e9dica Laboratorio de inform\u00e1tica Biom\u00e9dica PROFESORES TESIS EN CURSOT\u00edtulo: Titulo de la TesisTesista: NombreProfesor&hellip;","coauthors":[],"author_meta":{"author_link":"\/wordpress-doc\/author\/diinfdoc\/","display_name":"diinfdoc"},"relative_dates":{"created":"Publicado 3 a\u00f1os hace","modified":"Actualizado 3 a\u00f1os hace"},"absolute_dates":{"created":"Publicado el Enero 4, 2023","modified":"Actualizado el Abril 12, 2023"},"absolute_dates_time":{"created":"Publicado el Enero 4, 2023 12:14 pm","modified":"Actualizado el Abril 12, 2023 5:48 pm"},"featured_img_caption":"","featured_img":false,"series_order":"","_links":{"self":[{"href":"\/wordpress-doc\/wp-json\/wp\/v2\/pages\/518"}],"collection":[{"href":"\/wordpress-doc\/wp-json\/wp\/v2\/pages"}],"about":[{"href":"\/wordpress-doc\/wp-json\/wp\/v2\/types\/page"}],"author":[{"embeddable":true,"href":"\/wordpress-doc\/wp-json\/wp\/v2\/users\/1"}],"replies":[{"embeddable":true,"href":"\/wordpress-doc\/wp-json\/wp\/v2\/comments?post=518"}],"version-history":[{"count":14,"href":"\/wordpress-doc\/wp-json\/wp\/v2\/pages\/518\/revisions"}],"predecessor-version":[{"id":948,"href":"\/wordpress-doc\/wp-json\/wp\/v2\/pages\/518\/revisions\/948"}],"wp:attachment":[{"href":"\/wordpress-doc\/wp-json\/wp\/v2\/media?parent=518"}],"curies":[{"name":"wp","href":"https:\/\/api.w.org\/{rel}","templated":true}]}}